{"id":14,"date":"2015-02-03T19:38:03","date_gmt":"2015-02-03T17:38:03","guid":{"rendered":"http:\/\/sbmedvalakis.lt\/?page_id=14"},"modified":"2021-07-15T11:35:54","modified_gmt":"2021-07-15T09:35:54","slug":"kontaktai","status":"publish","type":"page","link":"http:\/\/sbmedvalakis.lt\/?page_id=14","title":{"rendered":"Kontaktai"},"content":{"rendered":"<span class=\"collapseomatic \" id=\"id69f3d7485fc50\"  tabindex=\"0\" title=\"<strong>BENDRIJOS VALDYBA<\/strong>\"    ><strong>BENDRIJOS VALDYBA<\/strong><\/span><div id=\"target-id69f3d7485fc50\" class=\"collapseomatic_content \">\n<strong>PIRMININKAS<\/strong><\/p>\n<p style=\"text-align: left;\">Jurgita Petkut\u0117-Marcinkien\u0117 , \u00a0darbo dienomis nuo \u00a010 iki 12 val.\u00a0tel. 862134473 \u00a0<a href=\"mailto:sbmedvalakis@gmail.com\">sbmedvalakis@gmail.com<\/a><\/p>\n<p><strong>\u00a0 NARIAI : <\/strong><br \/>\nEdvinas Jucius<br \/>\nAurelijus Kavalskis<br \/>\nRi\u010dardas Ma\u017erimas<br \/>\nAina Drungilien\u0117<\/p>\n<span class=\"collapseomatic \" id=\"id69f3d7485fc81\"  tabindex=\"0\" title=\"\"    ><\/span>Rasa Berta\u0161ien\u0117<br \/>\nRasa Stankuvien\u0117<br \/>\nEdita J\u016brevi\u010dien\u0117 <\/div>\n","protected":false},"excerpt":{"rendered":"","protected":false},"author":2,"featured_media":0,"parent":0,"menu_order":3,"comment_status":"closed","ping_status":"closed","template":"","meta":[],"_links":{"self":[{"href":"http:\/\/sbmedvalakis.lt\/index.php?rest_route=\/wp\/v2\/pages\/14"}],"collection":[{"href":"http:\/\/sbmedvalakis.lt\/index.php?rest_route=\/wp\/v2\/pages"}],"about":[{"href":"http:\/\/sbmedvalakis.lt\/index.php?rest_route=\/wp\/v2\/types\/page"}],"author":[{"embeddable":true,"href":"http:\/\/sbmedvalakis.lt\/index.php?rest_route=\/wp\/v2\/users\/2"}],"replies":[{"embeddable":true,"href":"http:\/\/sbmedvalakis.lt\/index.php?rest_route=%2Fwp%2Fv2%2Fcomments&post=14"}],"version-history":[{"count":9,"href":"http:\/\/sbmedvalakis.lt\/index.php?rest_route=\/wp\/v2\/pages\/14\/revisions"}],"predecessor-version":[{"id":646,"href":"http:\/\/sbmedvalakis.lt\/index.php?rest_route=\/wp\/v2\/pages\/14\/revisions\/646"}],"wp:attachment":[{"href":"http:\/\/sbmedvalakis.lt\/index.php?rest_route=%2Fwp%2Fv2%2Fmedia&parent=14"}],"curies":[{"name":"wp","href":"https:\/\/api.w.org\/{rel}","templated":true}]}}